{"id":34,"date":"2023-01-05T13:38:33","date_gmt":"2023-01-05T11:38:33","guid":{"rendered":"https:\/\/sophiaehrnroothcom-wp19893.test.cchosting.fi\/art\/?page_id=34"},"modified":"2026-03-31T21:24:35","modified_gmt":"2026-03-31T18:24:35","slug":"meista","status":"publish","type":"page","link":"https:\/\/sophiaehrnrooth.com\/art\/fi\/meista\/","title":{"rendered":"Taiteilijasta"},"content":{"rendered":"\n<h1 class=\"wp-block-heading\">Taiteilijasta<\/h1>\n\n\n\n<figure class=\"wp-block-image size-full\"><img loading=\"lazy\" decoding=\"async\" width=\"2560\" height=\"1440\" src=\"https:\/\/sophiaehrnrooth.com\/art\/wp-content\/uploads\/sites\/2\/2023\/01\/sophia-about.jpg\" alt=\"\" class=\"wp-image-281\" srcset=\"https:\/\/sophiaehrnrooth.com\/art\/wp-content\/uploads\/sites\/2\/2023\/01\/sophia-about.jpg 2560w, https:\/\/sophiaehrnrooth.com\/art\/wp-content\/uploads\/sites\/2\/2023\/01\/sophia-about-250x141.jpg 250w, https:\/\/sophiaehrnrooth.com\/art\/wp-content\/uploads\/sites\/2\/2023\/01\/sophia-about-700x394.jpg 700w, https:\/\/sophiaehrnrooth.com\/art\/wp-content\/uploads\/sites\/2\/2023\/01\/sophia-about-768x432.jpg 768w, https:\/\/sophiaehrnrooth.com\/art\/wp-content\/uploads\/sites\/2\/2023\/01\/sophia-about-1536x864.jpg 1536w, https:\/\/sophiaehrnrooth.com\/art\/wp-content\/uploads\/sites\/2\/2023\/01\/sophia-about-2048x1152.jpg 2048w, https:\/\/sophiaehrnrooth.com\/art\/wp-content\/uploads\/sites\/2\/2023\/01\/sophia-about-120x68.jpg 120w\" sizes=\"auto, (max-width: 2560px) 100vw, 2560px\" \/><figcaption class=\"wp-element-caption\">Pre-loved Goals 2021, 79 used footballs, net and straps, Glasshouse Helsinki (Photo: Karoliina Vuorenm\u00e4ki)<\/figcaption><\/figure>\n\n\n\n<div class=\"wp-block-columns is-layout-flex wp-container-core-columns-is-layout-1 wp-block-columns-is-layout-flex\">\n<div class=\"wp-block-column is-vertically-aligned-center is-layout-flow wp-block-column-is-layout-flow\">\n<p>Sophia Ehrnrooth on kuvataiteilija. H\u00e4n asuu ja ty\u00f6skentelee Helsingiss\u00e4. H\u00e4nen ilmaisumuotonsa ovat valokuvaus, performatiivinen installaatio, mediataide ja maalaus.<\/p>\n\n\n\n<p>Taiteessaan Ehrnrooth k\u00e4sittelee yhteis\u00f6llisi\u00e4 prosesseja ja teemoja liittyen empatiaan,&nbsp; peliin ja leikkiin toisteisina tekoina ja toimintana. Ehrnrooth on valmistunut kuvataiteilijaksi Kuvataideakatemiasta vuonna 1990.<\/p>\n\n\n\n<p>Julkisissa tiloissa esitett\u00e4viss\u00e4 performatiivissa installaatioissaan Ehrnrooth kannustaa yleis\u00f6\u00e4 osallistumaan teoksiin. <\/p>\n\n\n\n<p>Mediataiteessaan h\u00e4n sek\u00e4 kuvaa ja tarkkailee ett\u00e4 osallistuu dialogiin dokumenttiensa kohteiden kanssa.<\/p>\n\n\n\n<p><br>Taiteilijan ty\u00f6ns\u00e4 lis\u00e4ksi Ehrnrooth on palkittu tuottaja. Tutustu Ehrnroothin tuotantoyhti\u00f6\u00f6n: <a href=\"http:\/\/playartproductions.com\/\" target=\"_blank\" rel=\"noreferrer noopener\">playartproductions.com<\/a><\/p>\n\n\n\n<div class=\"wp-block-getwid-advanced-spacer getwid-hide-mobile\" style=\"height:60px\" aria-hidden=\"true\"><\/div>\n<\/div>\n\n\n\n<div class=\"wp-block-column is-vertically-aligned-center is-layout-flow wp-block-column-is-layout-flow\"><\/div>\n<\/div>\n\n\n\n<div class=\"wp-block-columns is-layout-flex wp-container-core-columns-is-layout-2 wp-block-columns-is-layout-flex\">\n<div class=\"wp-block-column is-layout-flow wp-block-column-is-layout-flow\">\n<h3 class=\"wp-block-heading\">Taiteellinen ty\u00f6<\/h3>\n<\/div>\n\n\n\n<div class=\"wp-block-column list-of is-layout-flow wp-block-column-is-layout-flow\">\n<div class=\"wp-block-group\"><div class=\"wp-block-group__inner-container is-layout-constrained wp-block-group-is-layout-constrained\">\n<p>Desde Finland con Amor, 2025<br>Group exhibition<br><em>Casa Nacional de Bicentenario<br>Buenos Aires, Argentina<\/em><\/p>\n\n\n\n<p>To be somebody in life, 2025<br>Short movie <br><em>FIDBA \u2013 Festival Internacional de Cine Documental de Buenos Aires, Argentina<\/em><\/p>\n<\/div><\/div>\n\n\n\n<p>Coventry Biennial of Contemporary Art, 2025<br><em>Obsessions, Possessions<br>The Herbert Art Gallery, UK<\/em><\/p>\n\n\n\n<p>Waterways, 2025<br>Rain Arrives on the Prairie<br><em>Solo Exhibition, paintings<br>Art Centre Salmela, Finland<\/em><\/p>\n\n\n\n<p>Ser alguien en la vida, 2024<br>Short movie<\/p>\n\n\n\n<p>Five shorts on football, 2023 <em>Cinemateca Film Center<br>Montevideo, Uruguay<\/em><\/p>\n\n\n\n<p>Nordisk Oppstart, 2023<br>Artistic intervention in public space<br><em>Berlin, Germany<\/em><\/p>\n\n\n\n<p>Chasing a Dream, 2023<br>Solo exhibition<br><em>Instituto Iberoamericano de Finlandia<br>Madrid, Spain<\/em><\/p>\n\n\n\n<p><em><br><\/em><br>Field of Dreams Montevideo, 2023<br><em>Intervention in public space<br>Montevideo, Uruguay<\/em><\/p>\n\n\n\n<p>Finnish Short Films at Nordic Nights, 2022<br><em>Canada<\/em><\/p>\n\n\n\n<p>Poem to a Football Field, 2022<br><em>Short movie<\/em><\/p>\n\n\n\n<p>A Musical Space, 2021<br>A performative improvisation<em>The Foundation of the Nordic School of Art, Finland<\/em><\/p>\n\n\n\n<p>3 takes on football, 2021<br>Solo exhibition<em>Galleria Artista<br>The Foundation of the Nordic School of Art, Finland<\/em><\/p>\n\n\n\n<p>Landscape of the Soul, 2021<br>Group exhibition<br><em>Glasshouse Helsinki<br>Finland<\/em><\/p>\n\n\n\n<p>Dream of Championship, 2021<br>Visual arts publication<br><em>PARVS Publishing Ltd.<br>(Nominated for The Most Beautiful Book of the Year 2021)<\/em><\/p>\n\n\n\n<p>Field of Dreams Helsinki 2021<br><em>Intervention in public space<br>Helsinki, Finland<\/em><\/p>\n\n\n\n<p><\/p>\n\n\n\n<p><\/p>\n\n\n\n<p><\/p>\n<\/div>\n\n\n\n<div class=\"wp-block-column list-of is-layout-flow wp-block-column-is-layout-flow\">\n<p>Room to Grow, 2021<br><em>Seminar<br>Taidepiste Event Series<br>Uni Arts Helsinki, Finland<\/em><\/p>\n\n\n\n<p>900 Footballs 2020<br><em>Short movie<\/em><\/p>\n\n\n\n<p>Name Your Champions, Name Your Dreams, 2020<br>Short movie<\/p>\n\n\n\n<p>Field of Dreams Rome, 2019<br>Installation<br><em>MAAM Museum of the Other and Elsewhere<br>Rome, Italy<\/em><\/p>\n\n\n\n<p>Dream of Championship, 2019<br>Solo exhibition and workshops<br><em>MACRO Asilo, Museum of Contemporary Art of Rome, Italy<\/em><\/p>\n\n\n\n<p>879 Heroes by Heart, 2018<br>Video installation<br><em>Shimadai Gallery<br>Kyoto, Japan<\/em><\/p>\n\n\n\n<p>PechaKucha Night, 2018<br><em>Oslo, Norway<\/em><\/p>\n\n\n\n<p>Dream of Championship, 2018<br>Solo exhibition<br><em>Art Hall Porvoo, Finland<\/em><\/p>\n\n\n\n<p>PechaKucha Night, 2018<br><em>Helsinki Design Week<br>Helsinki, Finland<\/em><\/p>\n\n\n\n<p>Finnish artists in Rome, 2018<br>Group exhibition<br><em>Spazio Cerere<br>Rome, Italy<\/em><\/p>\n\n\n\n<p>Dream of Championship, 2018<br>Short movie<br><em>Docpoint Helsinki Documentary Film Festival, Finland<br>(Critic&#8217;s Honorary Award 2018)<\/em><\/p>\n\n\n\n<p>Dream of Championship, 2017<br>Short movie<br><em>Rome Independent Film Festival<br>Casa del Cinema di Villa Borghese<br>Rome, Italy<\/em><\/p>\n\n\n\n<p>Dream of Championship, 2016<br>Solo exhibition<br><em>Historical Museum of Bosnia and Herzegovina<br>Sarajevo, Bosnia and Herzegovina<\/em><\/p>\n\n\n\n<p>Dream of Championship, 2015<br>Solo exhibition<br><em>Lasipalatsi Exhibition Space<br>Helsinki, Finland<\/em><\/p>\n<\/div>\n<\/div>\n\n\n\n<p><\/p>\n\n\n\n<p><\/p>\n\n\n\n<p><\/p>\n","protected":false},"excerpt":{"rendered":"Taiteilijasta Sophia Ehrnrooth on kuvataiteilija. H\u00e4n asuu ja ty\u00f6skentelee Helsingiss\u00e4. H\u00e4nen ilmaisumuotonsa ovat valokuvaus, performatiivinen installaatio, mediataide ja maalaus. Taiteessaan Ehrnrooth k\u00e4sittelee yhteis\u00f6llisi\u00e4 prosesseja ja teemoja liittyen empatiaan,&nbsp; peliin ja leikkiin toisteisina tekoina ja toimintana. Ehrnrooth on valmistunut kuvataiteilijaksi Kuvataideakatemiasta vuonna 1990. Julkisissa tiloissa esitett\u00e4viss\u00e4 performatiivissa installaatioissaan Ehrnrooth kannustaa yleis\u00f6\u00e4 osallistumaan teoksiin. Mediataiteessaan h\u00e4n sek\u00e4&#8230; <a class=\"view-article\" href=\"https:\/\/sophiaehrnrooth.com\/art\/fi\/meista\/\">View Article<\/a>","protected":false},"author":1,"featured_media":281,"parent":0,"menu_order":0,"comment_status":"closed","ping_status":"closed","template":"","meta":{"inline_featured_image":false,"footnotes":""},"class_list":["post-34","page","type-page","status-publish","has-post-thumbnail","hentry"],"yoast_head":"<!-- This site is optimized with the Yoast SEO plugin v24.6 - https:\/\/yoast.com\/wordpress\/plugins\/seo\/ -->\n<title>Taiteilijasta - Art<\/title>\n<meta name=\"robots\" content=\"index, follow, max-snippet:-1, max-image-preview:large, max-video-preview:-1\" \/>\n<link rel=\"canonical\" href=\"https:\/\/sophiaehrnrooth.com\/art\/fi\/meista\/\" \/>\n<meta property=\"og:locale\" content=\"fi_FI\" \/>\n<meta property=\"og:type\" content=\"article\" \/>\n<meta property=\"og:title\" content=\"Taiteilijasta - Art\" \/>\n<meta property=\"og:description\" content=\"Taiteilijasta Sophia Ehrnrooth on kuvataiteilija. H\u00e4n asuu ja ty\u00f6skentelee Helsingiss\u00e4. H\u00e4nen ilmaisumuotonsa ovat valokuvaus, performatiivinen installaatio, mediataide ja maalaus. Taiteessaan Ehrnrooth k\u00e4sittelee yhteis\u00f6llisi\u00e4 prosesseja ja teemoja liittyen empatiaan,&nbsp; peliin ja leikkiin toisteisina tekoina ja toimintana. Ehrnrooth on valmistunut kuvataiteilijaksi Kuvataideakatemiasta vuonna 1990. Julkisissa tiloissa esitett\u00e4viss\u00e4 performatiivissa installaatioissaan Ehrnrooth kannustaa yleis\u00f6\u00e4 osallistumaan teoksiin. Mediataiteessaan h\u00e4n sek\u00e4... View Article\" \/>\n<meta property=\"og:url\" content=\"https:\/\/sophiaehrnrooth.com\/art\/fi\/meista\/\" \/>\n<meta property=\"og:site_name\" content=\"Art\" \/>\n<meta property=\"article:modified_time\" content=\"2026-03-31T18:24:35+00:00\" \/>\n<meta property=\"og:image\" content=\"https:\/\/sophiaehrnrooth.com\/art\/wp-content\/uploads\/sites\/2\/2023\/01\/sophia-about.jpg\" \/>\n\t<meta property=\"og:image:width\" content=\"2560\" \/>\n\t<meta property=\"og:image:height\" content=\"1440\" \/>\n\t<meta property=\"og:image:type\" content=\"image\/jpeg\" \/>\n<meta name=\"twitter:card\" content=\"summary_large_image\" \/>\n<meta name=\"twitter:label1\" content=\"Arvioitu lukuaika\" \/>\n\t<meta name=\"twitter:data1\" content=\"3 minuuttia\" \/>\n<script type=\"application\/ld+json\" class=\"yoast-schema-graph\">{\"@context\":\"https:\/\/schema.org\",\"@graph\":[{\"@type\":\"WebPage\",\"@id\":\"https:\/\/sophiaehrnrooth.com\/art\/fi\/meista\/\",\"url\":\"https:\/\/sophiaehrnrooth.com\/art\/fi\/meista\/\",\"name\":\"Taiteilijasta - Art\",\"isPartOf\":{\"@id\":\"https:\/\/sophiaehrnrooth.com\/art\/#website\"},\"primaryImageOfPage\":{\"@id\":\"https:\/\/sophiaehrnrooth.com\/art\/fi\/meista\/#primaryimage\"},\"image\":{\"@id\":\"https:\/\/sophiaehrnrooth.com\/art\/fi\/meista\/#primaryimage\"},\"thumbnailUrl\":\"https:\/\/sophiaehrnrooth.com\/art\/wp-content\/uploads\/sites\/2\/2023\/01\/sophia-about.jpg\",\"datePublished\":\"2023-01-05T11:38:33+00:00\",\"dateModified\":\"2026-03-31T18:24:35+00:00\",\"breadcrumb\":{\"@id\":\"https:\/\/sophiaehrnrooth.com\/art\/fi\/meista\/#breadcrumb\"},\"inLanguage\":\"fi\",\"potentialAction\":[{\"@type\":\"ReadAction\",\"target\":[\"https:\/\/sophiaehrnrooth.com\/art\/fi\/meista\/\"]}]},{\"@type\":\"ImageObject\",\"inLanguage\":\"fi\",\"@id\":\"https:\/\/sophiaehrnrooth.com\/art\/fi\/meista\/#primaryimage\",\"url\":\"https:\/\/sophiaehrnrooth.com\/art\/wp-content\/uploads\/sites\/2\/2023\/01\/sophia-about.jpg\",\"contentUrl\":\"https:\/\/sophiaehrnrooth.com\/art\/wp-content\/uploads\/sites\/2\/2023\/01\/sophia-about.jpg\",\"width\":2560,\"height\":1440},{\"@type\":\"BreadcrumbList\",\"@id\":\"https:\/\/sophiaehrnrooth.com\/art\/fi\/meista\/#breadcrumb\",\"itemListElement\":[{\"@type\":\"ListItem\",\"position\":1,\"name\":\"Etusivu\",\"item\":\"https:\/\/sophiaehrnrooth.com\/art\/\"},{\"@type\":\"ListItem\",\"position\":2,\"name\":\"Taiteilijasta\"}]},{\"@type\":\"WebSite\",\"@id\":\"https:\/\/sophiaehrnrooth.com\/art\/#website\",\"url\":\"https:\/\/sophiaehrnrooth.com\/art\/\",\"name\":\"Sophia Ehrnrooth\",\"description\":\"\",\"potentialAction\":[{\"@type\":\"SearchAction\",\"target\":{\"@type\":\"EntryPoint\",\"urlTemplate\":\"https:\/\/sophiaehrnrooth.com\/art\/?s={search_term_string}\"},\"query-input\":{\"@type\":\"PropertyValueSpecification\",\"valueRequired\":true,\"valueName\":\"search_term_string\"}}],\"inLanguage\":\"fi\"}]}<\/script>\n<!-- \/ Yoast SEO plugin. -->","yoast_head_json":{"title":"Taiteilijasta - Art","robots":{"index":"index","follow":"follow","max-snippet":"max-snippet:-1","max-image-preview":"max-image-preview:large","max-video-preview":"max-video-preview:-1"},"canonical":"https:\/\/sophiaehrnrooth.com\/art\/fi\/meista\/","og_locale":"fi_FI","og_type":"article","og_title":"Taiteilijasta - Art","og_description":"Taiteilijasta Sophia Ehrnrooth on kuvataiteilija. H\u00e4n asuu ja ty\u00f6skentelee Helsingiss\u00e4. H\u00e4nen ilmaisumuotonsa ovat valokuvaus, performatiivinen installaatio, mediataide ja maalaus. Taiteessaan Ehrnrooth k\u00e4sittelee yhteis\u00f6llisi\u00e4 prosesseja ja teemoja liittyen empatiaan,&nbsp; peliin ja leikkiin toisteisina tekoina ja toimintana. Ehrnrooth on valmistunut kuvataiteilijaksi Kuvataideakatemiasta vuonna 1990. Julkisissa tiloissa esitett\u00e4viss\u00e4 performatiivissa installaatioissaan Ehrnrooth kannustaa yleis\u00f6\u00e4 osallistumaan teoksiin. Mediataiteessaan h\u00e4n sek\u00e4... View Article","og_url":"https:\/\/sophiaehrnrooth.com\/art\/fi\/meista\/","og_site_name":"Art","article_modified_time":"2026-03-31T18:24:35+00:00","og_image":[{"width":2560,"height":1440,"url":"https:\/\/sophiaehrnrooth.com\/art\/wp-content\/uploads\/sites\/2\/2023\/01\/sophia-about.jpg","type":"image\/jpeg"}],"twitter_card":"summary_large_image","twitter_misc":{"Arvioitu lukuaika":"3 minuuttia"},"schema":{"@context":"https:\/\/schema.org","@graph":[{"@type":"WebPage","@id":"https:\/\/sophiaehrnrooth.com\/art\/fi\/meista\/","url":"https:\/\/sophiaehrnrooth.com\/art\/fi\/meista\/","name":"Taiteilijasta - Art","isPartOf":{"@id":"https:\/\/sophiaehrnrooth.com\/art\/#website"},"primaryImageOfPage":{"@id":"https:\/\/sophiaehrnrooth.com\/art\/fi\/meista\/#primaryimage"},"image":{"@id":"https:\/\/sophiaehrnrooth.com\/art\/fi\/meista\/#primaryimage"},"thumbnailUrl":"https:\/\/sophiaehrnrooth.com\/art\/wp-content\/uploads\/sites\/2\/2023\/01\/sophia-about.jpg","datePublished":"2023-01-05T11:38:33+00:00","dateModified":"2026-03-31T18:24:35+00:00","breadcrumb":{"@id":"https:\/\/sophiaehrnrooth.com\/art\/fi\/meista\/#breadcrumb"},"inLanguage":"fi","potentialAction":[{"@type":"ReadAction","target":["https:\/\/sophiaehrnrooth.com\/art\/fi\/meista\/"]}]},{"@type":"ImageObject","inLanguage":"fi","@id":"https:\/\/sophiaehrnrooth.com\/art\/fi\/meista\/#primaryimage","url":"https:\/\/sophiaehrnrooth.com\/art\/wp-content\/uploads\/sites\/2\/2023\/01\/sophia-about.jpg","contentUrl":"https:\/\/sophiaehrnrooth.com\/art\/wp-content\/uploads\/sites\/2\/2023\/01\/sophia-about.jpg","width":2560,"height":1440},{"@type":"BreadcrumbList","@id":"https:\/\/sophiaehrnrooth.com\/art\/fi\/meista\/#breadcrumb","itemListElement":[{"@type":"ListItem","position":1,"name":"Etusivu","item":"https:\/\/sophiaehrnrooth.com\/art\/"},{"@type":"ListItem","position":2,"name":"Taiteilijasta"}]},{"@type":"WebSite","@id":"https:\/\/sophiaehrnrooth.com\/art\/#website","url":"https:\/\/sophiaehrnrooth.com\/art\/","name":"Sophia Ehrnrooth","description":"","potentialAction":[{"@type":"SearchAction","target":{"@type":"EntryPoint","urlTemplate":"https:\/\/sophiaehrnrooth.com\/art\/?s={search_term_string}"},"query-input":{"@type":"PropertyValueSpecification","valueRequired":true,"valueName":"search_term_string"}}],"inLanguage":"fi"}]}},"_links":{"self":[{"href":"https:\/\/sophiaehrnrooth.com\/art\/wp-json\/wp\/v2\/pages\/34","targetHints":{"allow":["GET"]}}],"collection":[{"href":"https:\/\/sophiaehrnrooth.com\/art\/wp-json\/wp\/v2\/pages"}],"about":[{"href":"https:\/\/sophiaehrnrooth.com\/art\/wp-json\/wp\/v2\/types\/page"}],"author":[{"embeddable":true,"href":"https:\/\/sophiaehrnrooth.com\/art\/wp-json\/wp\/v2\/users\/1"}],"replies":[{"embeddable":true,"href":"https:\/\/sophiaehrnrooth.com\/art\/wp-json\/wp\/v2\/comments?post=34"}],"version-history":[{"count":9,"href":"https:\/\/sophiaehrnrooth.com\/art\/wp-json\/wp\/v2\/pages\/34\/revisions"}],"predecessor-version":[{"id":921,"href":"https:\/\/sophiaehrnrooth.com\/art\/wp-json\/wp\/v2\/pages\/34\/revisions\/921"}],"wp:featuredmedia":[{"embeddable":true,"href":"https:\/\/sophiaehrnrooth.com\/art\/wp-json\/wp\/v2\/media\/281"}],"wp:attachment":[{"href":"https:\/\/sophiaehrnrooth.com\/art\/wp-json\/wp\/v2\/media?parent=34"}],"curies":[{"name":"wp","href":"https:\/\/api.w.org\/{rel}","templated":true}]}}