{"id":82,"date":"2023-01-13T16:49:59","date_gmt":"2023-01-13T14:49:59","guid":{"rendered":"https:\/\/sophiaehrnroothcom-wp19893.test.cchosting.fi\/art\/?page_id=82"},"modified":"2026-04-08T11:54:33","modified_gmt":"2026-04-08T08:54:33","slug":"quienes-somos","status":"publish","type":"page","link":"https:\/\/sophiaehrnrooth.com\/art\/es\/quienes-somos\/","title":{"rendered":"Quienes somos"},"content":{"rendered":"\n<h1 class=\"wp-block-heading\">Quienes somos&nbsp;<\/h1>\n\n\n\n<figure class=\"wp-block-image size-full\"><img loading=\"lazy\" decoding=\"async\" width=\"2560\" height=\"1440\" src=\"https:\/\/sophiaehrnrooth.com\/art\/wp-content\/uploads\/sites\/2\/2023\/01\/sophia-about.jpg\" alt=\"\" class=\"wp-image-281\" srcset=\"https:\/\/sophiaehrnrooth.com\/art\/wp-content\/uploads\/sites\/2\/2023\/01\/sophia-about.jpg 2560w, https:\/\/sophiaehrnrooth.com\/art\/wp-content\/uploads\/sites\/2\/2023\/01\/sophia-about-250x141.jpg 250w, https:\/\/sophiaehrnrooth.com\/art\/wp-content\/uploads\/sites\/2\/2023\/01\/sophia-about-700x394.jpg 700w, https:\/\/sophiaehrnrooth.com\/art\/wp-content\/uploads\/sites\/2\/2023\/01\/sophia-about-768x432.jpg 768w, https:\/\/sophiaehrnrooth.com\/art\/wp-content\/uploads\/sites\/2\/2023\/01\/sophia-about-1536x864.jpg 1536w, https:\/\/sophiaehrnrooth.com\/art\/wp-content\/uploads\/sites\/2\/2023\/01\/sophia-about-2048x1152.jpg 2048w, https:\/\/sophiaehrnrooth.com\/art\/wp-content\/uploads\/sites\/2\/2023\/01\/sophia-about-120x68.jpg 120w\" sizes=\"auto, (max-width: 2560px) 100vw, 2560px\" \/><figcaption class=\"wp-element-caption\">Atrapasue\u00f1os hecha de balones viejos en \u00a9 Karoliina Vuorenm\u00e4ki<\/figcaption><\/figure>\n\n\n\n<div class=\"wp-block-columns is-layout-flex wp-container-core-columns-is-layout-1 wp-block-columns-is-layout-flex\">\n<div class=\"wp-block-column is-vertically-aligned-center is-layout-flow wp-block-column-is-layout-flow\">\n<p>Sophia Ehrnrooth es una artista visual con sede en Helsinki, Finlandia. Sus medios de expresi\u00f3n son la fotograf\u00eda, el video, las instalaciones performativas y la pintura.<\/p>\n\n\n\n<p>La pr\u00e1ctica art\u00edstica de Ehrnrooth aborda procesos comunitarios y cuestiones relacionadas con la empat\u00eda, el juego como acto reparador.<\/p>\n\n\n\n<p>En sus instalaciones performativas en espacios p\u00fablicos, invita a la participaci\u00f3n p\u00fablica a trav\u00e9s de un proceso personal guiado. En su arte medi\u00e1tico, ella es testigo y entabla un di\u00e1logo con sus sujetos documentales.<\/p>\n\n\n\n<p>El pr\u00f3ximo proyecto internacional de Ehrnrooth ser\u00e1 la tercera edici\u00f3n de <em>Sue\u00f1o de Campeonato<\/em> (<em>Field of Dreams)<\/em>, una instalaci\u00f3n performativa del tama\u00f1o de un estadio en un espacio p\u00fablico que se realizar\u00e1 en Montevideo, Uruguay, en abril de 2023.<\/p>\n\n\n\n<p>Adem\u00e1s de su trabajo como artista, Ehrnrooth es una productora galardonada. <a href=\"http:\/\/playartproductions.com\/\" target=\"_blank\" rel=\"noreferrer noopener\">playartproductions.com<\/a><\/p>\n\n\n\n<p>Ehrnrooth se gradu\u00f3 en la Academia de Bellas Artes de Finlandia en 1990.<\/p>\n\n\n\n<div class=\"wp-block-getwid-advanced-spacer getwid-hide-mobile\" style=\"height:60px\" aria-hidden=\"true\"><\/div>\n<\/div>\n\n\n\n<div class=\"wp-block-column is-vertically-aligned-center is-layout-flow wp-block-column-is-layout-flow\"><\/div>\n<\/div>\n\n\n\n<div class=\"wp-block-columns is-layout-flex wp-container-core-columns-is-layout-2 wp-block-columns-is-layout-flex\">\n<div class=\"wp-block-column is-layout-flow wp-block-column-is-layout-flow\">\n<h3 class=\"wp-block-heading\">Exhibitions and features<\/h3>\n<\/div>\n\n\n\n<div class=\"wp-block-column list-of is-layout-flow wp-block-column-is-layout-flow\">\n<p>Desde Finland con Amor 2025<br>Group exhibition<br><em>Casa Nacional de Bicentenario<br>Buenos Aires, Argentina<\/em><\/p>\n\n\n\n<p>Ser alguien en la vida<br>Short movie<br><em>FIDBA &#8211; Festival Internacional de Cine Documental de Buenos Aires, 2025<\/em><\/p>\n\n\n\n<p>Coventry Biennial<br><em>Obsessions, Possessions <br>The Herbert Art Gallery, 2025<\/em><\/p>\n\n\n\n<p>Waterways<br>Rain Arrives on the Prairie<br><em>Solo Exhibition, paintings<br>Taidekeskus Salmela, 2025<\/em><\/p>\n\n\n\n<p>Solo exhibition at Instituto Iberoamericano de Finlandia, Madrid, December 2023<\/p>\n\n\n\n<p>Poem to a Football Field, 2022<br>Short movie<\/p>\n\n\n\n<p>A Musical Space, 2021<br>A performative improvisation<br><em>The Foundation of the Nordic School of Art, Finland<\/em><\/p>\n\n\n\n<p>3 takes on football, 2021<br>Solo exhibition<br><em>Galleria Artista<\/em><br><em>The Foundation of the Nordic School of Art, Finland<\/em><\/p>\n\n\n\n<p>Landscape of the Soul, 2021<br>Group exhibition<br><em>Glasshouse Helsinki<\/em><br><em>Helsinki, Finland<\/em><\/p>\n\n\n\n<p>Dream of Championship, 2021<br>Visual arts publication<br><em>PARVS Publishing Ltd.<br>(Nominated for The Most Beautiful Book of the Year 2021)<\/em><\/p>\n\n\n\n<p>Field of Dreams Helsinki<br>Installation<br><em>Helsinki, Finland<\/em><\/p>\n\n\n\n<p>Room to Grow, 2021<br>Seminar<br><em>Taidepiste Event Series<br>Uni Arts Helsinki, Finland<\/em><\/p>\n\n\n\n<p>900 Footballs, 2020<br>Short movie<\/p>\n<\/div>\n\n\n\n<div class=\"wp-block-column list-of is-layout-flow wp-block-column-is-layout-flow\">\n<p>Name Your Champions, Name Your Dreams, 2020<br>Short movie<\/p>\n\n\n\n<p>Field of Dreams Rome, 2019<br>Installation<br><em>MAAM Museum of the Other and Elsewhere<br>Rome, Italy<\/em><\/p>\n\n\n\n<p>Dream of Championship, 2019<br>Solo exhibition and workshops<br><em>MACRO Asilo, Museum of Contemporary Art of Rome, Italy<\/em><\/p>\n\n\n\n<p>879 Heroes by Heart, 2018<br>Video installation<br><em>Shimadai Gallery<br>Kyoto, Japan<\/em><\/p>\n\n\n\n<p>PechaKucha Night, 2018<br><em>Oslo, Norway<\/em><\/p>\n\n\n\n<p>Dream of Championship, 2018<br>Solo exhibition<br><em>Art Hall Porvoo, Finland<\/em><\/p>\n\n\n\n<p>PechaKucha Night, 2018<br><em>Helsinki Design Week<br>Helsinki, Finland<\/em><\/p>\n\n\n\n<p>Finnish artists in Rome, 2018<br>Group exhibition<br><em>Spazio Cerere<br>Rome, Italy<\/em><\/p>\n\n\n\n<p>Dream of Championship, 2018<br>Short movie<br><em>Docpoint Helsinki Documentary Film Festival, Finland<br>(Critic&#8217;s Honorary Award 2018)<\/em><\/p>\n\n\n\n<p>Dream of Championship, 2017<br>Short movie<br><em>Rome Independent Film Festival<br>Casa del Cinema di Villa Borghese<br>Rome, Italy<\/em><\/p>\n\n\n\n<p>Dream of Championship, 2016<br>Solo exhibition<br><em>Historical Museum of Bosnia and Herzegovina<br>Sarajevo, Bosnia and Herzegovina<\/em><\/p>\n\n\n\n<p>Dream of Championship, 2015<br>Solo exhibition<br><em>Lasipalatsi Exhibition Space<br>Helsinki, Finland<\/em><\/p>\n<\/div>\n<\/div>\n","protected":false},"excerpt":{"rendered":"Quienes somos&nbsp; Sophia Ehrnrooth es una artista visual con sede en Helsinki, Finlandia. Sus medios de expresi\u00f3n son la fotograf\u00eda, el video, las instalaciones performativas y la pintura. La pr\u00e1ctica art\u00edstica de Ehrnrooth aborda procesos comunitarios y cuestiones relacionadas con la empat\u00eda, el juego como acto reparador. En sus instalaciones performativas en espacios p\u00fablicos, invita&#8230; <a class=\"view-article\" href=\"https:\/\/sophiaehrnrooth.com\/art\/es\/quienes-somos\/\">View Article<\/a>","protected":false},"author":1,"featured_media":281,"parent":0,"menu_order":0,"comment_status":"closed","ping_status":"closed","template":"","meta":{"inline_featured_image":false,"footnotes":""},"class_list":["post-82","page","type-page","status-publish","has-post-thumbnail","hentry"],"yoast_head":"<!-- This site is optimized with the Yoast SEO plugin v24.6 - https:\/\/yoast.com\/wordpress\/plugins\/seo\/ -->\n<title>Quienes somos - Art<\/title>\n<meta name=\"robots\" content=\"index, follow, max-snippet:-1, max-image-preview:large, max-video-preview:-1\" \/>\n<link rel=\"canonical\" href=\"https:\/\/sophiaehrnrooth.com\/art\/es\/quienes-somos\/\" \/>\n<meta property=\"og:locale\" content=\"fi_FI\" \/>\n<meta property=\"og:type\" content=\"article\" \/>\n<meta property=\"og:title\" content=\"Quienes somos - Art\" \/>\n<meta property=\"og:description\" content=\"Quienes somos&nbsp; Sophia Ehrnrooth es una artista visual con sede en Helsinki, Finlandia. Sus medios de expresi\u00f3n son la fotograf\u00eda, el video, las instalaciones performativas y la pintura. La pr\u00e1ctica art\u00edstica de Ehrnrooth aborda procesos comunitarios y cuestiones relacionadas con la empat\u00eda, el juego como acto reparador. En sus instalaciones performativas en espacios p\u00fablicos, invita... View Article\" \/>\n<meta property=\"og:url\" content=\"https:\/\/sophiaehrnrooth.com\/art\/es\/quienes-somos\/\" \/>\n<meta property=\"og:site_name\" content=\"Art\" \/>\n<meta property=\"article:modified_time\" content=\"2026-04-08T08:54:33+00:00\" \/>\n<meta property=\"og:image\" content=\"https:\/\/sophiaehrnrooth.com\/art\/wp-content\/uploads\/sites\/2\/2023\/01\/sophia-about.jpg\" \/>\n\t<meta property=\"og:image:width\" content=\"2560\" \/>\n\t<meta property=\"og:image:height\" content=\"1440\" \/>\n\t<meta property=\"og:image:type\" content=\"image\/jpeg\" \/>\n<meta name=\"twitter:card\" content=\"summary_large_image\" \/>\n<meta name=\"twitter:label1\" content=\"Arvioitu lukuaika\" \/>\n\t<meta name=\"twitter:data1\" content=\"3 minuuttia\" \/>\n<script type=\"application\/ld+json\" class=\"yoast-schema-graph\">{\"@context\":\"https:\/\/schema.org\",\"@graph\":[{\"@type\":\"WebPage\",\"@id\":\"https:\/\/sophiaehrnrooth.com\/art\/es\/quienes-somos\/\",\"url\":\"https:\/\/sophiaehrnrooth.com\/art\/es\/quienes-somos\/\",\"name\":\"Quienes somos - Art\",\"isPartOf\":{\"@id\":\"https:\/\/sophiaehrnrooth.com\/art\/#website\"},\"primaryImageOfPage\":{\"@id\":\"https:\/\/sophiaehrnrooth.com\/art\/es\/quienes-somos\/#primaryimage\"},\"image\":{\"@id\":\"https:\/\/sophiaehrnrooth.com\/art\/es\/quienes-somos\/#primaryimage\"},\"thumbnailUrl\":\"https:\/\/sophiaehrnrooth.com\/art\/wp-content\/uploads\/sites\/2\/2023\/01\/sophia-about.jpg\",\"datePublished\":\"2023-01-13T14:49:59+00:00\",\"dateModified\":\"2026-04-08T08:54:33+00:00\",\"breadcrumb\":{\"@id\":\"https:\/\/sophiaehrnrooth.com\/art\/es\/quienes-somos\/#breadcrumb\"},\"inLanguage\":\"fi\",\"potentialAction\":[{\"@type\":\"ReadAction\",\"target\":[\"https:\/\/sophiaehrnrooth.com\/art\/es\/quienes-somos\/\"]}]},{\"@type\":\"ImageObject\",\"inLanguage\":\"fi\",\"@id\":\"https:\/\/sophiaehrnrooth.com\/art\/es\/quienes-somos\/#primaryimage\",\"url\":\"https:\/\/sophiaehrnrooth.com\/art\/wp-content\/uploads\/sites\/2\/2023\/01\/sophia-about.jpg\",\"contentUrl\":\"https:\/\/sophiaehrnrooth.com\/art\/wp-content\/uploads\/sites\/2\/2023\/01\/sophia-about.jpg\",\"width\":2560,\"height\":1440},{\"@type\":\"BreadcrumbList\",\"@id\":\"https:\/\/sophiaehrnrooth.com\/art\/es\/quienes-somos\/#breadcrumb\",\"itemListElement\":[{\"@type\":\"ListItem\",\"position\":1,\"name\":\"Etusivu\",\"item\":\"https:\/\/sophiaehrnrooth.com\/art\/\"},{\"@type\":\"ListItem\",\"position\":2,\"name\":\"Quienes somos\"}]},{\"@type\":\"WebSite\",\"@id\":\"https:\/\/sophiaehrnrooth.com\/art\/#website\",\"url\":\"https:\/\/sophiaehrnrooth.com\/art\/\",\"name\":\"Sophia Ehrnrooth\",\"description\":\"\",\"potentialAction\":[{\"@type\":\"SearchAction\",\"target\":{\"@type\":\"EntryPoint\",\"urlTemplate\":\"https:\/\/sophiaehrnrooth.com\/art\/?s={search_term_string}\"},\"query-input\":{\"@type\":\"PropertyValueSpecification\",\"valueRequired\":true,\"valueName\":\"search_term_string\"}}],\"inLanguage\":\"fi\"}]}<\/script>\n<!-- \/ Yoast SEO plugin. -->","yoast_head_json":{"title":"Quienes somos - Art","robots":{"index":"index","follow":"follow","max-snippet":"max-snippet:-1","max-image-preview":"max-image-preview:large","max-video-preview":"max-video-preview:-1"},"canonical":"https:\/\/sophiaehrnrooth.com\/art\/es\/quienes-somos\/","og_locale":"fi_FI","og_type":"article","og_title":"Quienes somos - Art","og_description":"Quienes somos&nbsp; Sophia Ehrnrooth es una artista visual con sede en Helsinki, Finlandia. Sus medios de expresi\u00f3n son la fotograf\u00eda, el video, las instalaciones performativas y la pintura. La pr\u00e1ctica art\u00edstica de Ehrnrooth aborda procesos comunitarios y cuestiones relacionadas con la empat\u00eda, el juego como acto reparador. En sus instalaciones performativas en espacios p\u00fablicos, invita... View Article","og_url":"https:\/\/sophiaehrnrooth.com\/art\/es\/quienes-somos\/","og_site_name":"Art","article_modified_time":"2026-04-08T08:54:33+00:00","og_image":[{"width":2560,"height":1440,"url":"https:\/\/sophiaehrnrooth.com\/art\/wp-content\/uploads\/sites\/2\/2023\/01\/sophia-about.jpg","type":"image\/jpeg"}],"twitter_card":"summary_large_image","twitter_misc":{"Arvioitu lukuaika":"3 minuuttia"},"schema":{"@context":"https:\/\/schema.org","@graph":[{"@type":"WebPage","@id":"https:\/\/sophiaehrnrooth.com\/art\/es\/quienes-somos\/","url":"https:\/\/sophiaehrnrooth.com\/art\/es\/quienes-somos\/","name":"Quienes somos - Art","isPartOf":{"@id":"https:\/\/sophiaehrnrooth.com\/art\/#website"},"primaryImageOfPage":{"@id":"https:\/\/sophiaehrnrooth.com\/art\/es\/quienes-somos\/#primaryimage"},"image":{"@id":"https:\/\/sophiaehrnrooth.com\/art\/es\/quienes-somos\/#primaryimage"},"thumbnailUrl":"https:\/\/sophiaehrnrooth.com\/art\/wp-content\/uploads\/sites\/2\/2023\/01\/sophia-about.jpg","datePublished":"2023-01-13T14:49:59+00:00","dateModified":"2026-04-08T08:54:33+00:00","breadcrumb":{"@id":"https:\/\/sophiaehrnrooth.com\/art\/es\/quienes-somos\/#breadcrumb"},"inLanguage":"fi","potentialAction":[{"@type":"ReadAction","target":["https:\/\/sophiaehrnrooth.com\/art\/es\/quienes-somos\/"]}]},{"@type":"ImageObject","inLanguage":"fi","@id":"https:\/\/sophiaehrnrooth.com\/art\/es\/quienes-somos\/#primaryimage","url":"https:\/\/sophiaehrnrooth.com\/art\/wp-content\/uploads\/sites\/2\/2023\/01\/sophia-about.jpg","contentUrl":"https:\/\/sophiaehrnrooth.com\/art\/wp-content\/uploads\/sites\/2\/2023\/01\/sophia-about.jpg","width":2560,"height":1440},{"@type":"BreadcrumbList","@id":"https:\/\/sophiaehrnrooth.com\/art\/es\/quienes-somos\/#breadcrumb","itemListElement":[{"@type":"ListItem","position":1,"name":"Etusivu","item":"https:\/\/sophiaehrnrooth.com\/art\/"},{"@type":"ListItem","position":2,"name":"Quienes somos"}]},{"@type":"WebSite","@id":"https:\/\/sophiaehrnrooth.com\/art\/#website","url":"https:\/\/sophiaehrnrooth.com\/art\/","name":"Sophia Ehrnrooth","description":"","potentialAction":[{"@type":"SearchAction","target":{"@type":"EntryPoint","urlTemplate":"https:\/\/sophiaehrnrooth.com\/art\/?s={search_term_string}"},"query-input":{"@type":"PropertyValueSpecification","valueRequired":true,"valueName":"search_term_string"}}],"inLanguage":"fi"}]}},"_links":{"self":[{"href":"https:\/\/sophiaehrnrooth.com\/art\/wp-json\/wp\/v2\/pages\/82","targetHints":{"allow":["GET"]}}],"collection":[{"href":"https:\/\/sophiaehrnrooth.com\/art\/wp-json\/wp\/v2\/pages"}],"about":[{"href":"https:\/\/sophiaehrnrooth.com\/art\/wp-json\/wp\/v2\/types\/page"}],"author":[{"embeddable":true,"href":"https:\/\/sophiaehrnrooth.com\/art\/wp-json\/wp\/v2\/users\/1"}],"replies":[{"embeddable":true,"href":"https:\/\/sophiaehrnrooth.com\/art\/wp-json\/wp\/v2\/comments?post=82"}],"version-history":[{"count":5,"href":"https:\/\/sophiaehrnrooth.com\/art\/wp-json\/wp\/v2\/pages\/82\/revisions"}],"predecessor-version":[{"id":923,"href":"https:\/\/sophiaehrnrooth.com\/art\/wp-json\/wp\/v2\/pages\/82\/revisions\/923"}],"wp:featuredmedia":[{"embeddable":true,"href":"https:\/\/sophiaehrnrooth.com\/art\/wp-json\/wp\/v2\/media\/281"}],"wp:attachment":[{"href":"https:\/\/sophiaehrnrooth.com\/art\/wp-json\/wp\/v2\/media?parent=82"}],"curies":[{"name":"wp","href":"https:\/\/api.w.org\/{rel}","templated":true}]}}