{"id":840,"date":"2025-03-04T14:22:56","date_gmt":"2025-03-04T12:22:56","guid":{"rendered":"https:\/\/sophiaehrnrooth.com\/art\/?page_id=840"},"modified":"2025-12-08T12:44:59","modified_gmt":"2025-12-08T10:44:59","slug":"media","status":"publish","type":"page","link":"https:\/\/sophiaehrnrooth.com\/art\/media\/","title":{"rendered":"Media en"},"content":{"rendered":"\n<div class=\"wp-block-columns is-layout-flex wp-container-core-columns-is-layout-1 wp-block-columns-is-layout-flex\">\n<div class=\"wp-block-column is-layout-flow wp-block-column-is-layout-flow\" style=\"flex-basis:33.3%\">\n<h1 class=\"wp-block-heading\">Media<\/h1>\n<\/div>\n\n\n\n<div class=\"wp-block-column is-layout-flow wp-block-column-is-layout-flow\" style=\"flex-basis:66.6%\">\n<div class=\"wp-block-group media-item\"><div class=\"wp-block-group__inner-container is-layout-constrained wp-block-group-is-layout-constrained\">\n<p class=\"media-info\">CLARIN.COM, 25.11.2025<\/p>\n\n\n\n<p><a href=\"https:\/\/www.clarin.com\/espectaculos\/finlandesa-buenos-aires-sophia-ehrnrooth-estrena-documental-alguien-vida-fidba-2025_0_NioNZ9PQ0N.html\" target=\"_blank\" rel=\"noreferrer noopener\">Una finlandesa en Buenos Aires: Sophia Ehrnrooth estrena el documental \u201cSer alguien en la vida\u201d en el FIDBA 2025<\/a><\/p>\n<\/div><\/div>\n\n\n\n<div class=\"wp-block-group media-item\"><div class=\"wp-block-group__inner-container is-layout-constrained wp-block-group-is-layout-constrained\">\n<p class=\"media-info\">MADRID.FI, 27.10.2023&nbsp;<\/p>\n\n\n\n<p><a href=\"https:\/\/madrid.fi\/persiguiendo-un-sueno-arte-futbol-y-compromiso\/\" target=\"_blank\" rel=\"noreferrer noopener\">Persiguiendo un sue\u00f1o: arte, f\u00fatbol y compromiso<\/a><\/p>\n<\/div><\/div>\n\n\n\n<div class=\"wp-block-group media-item\"><div class=\"wp-block-group__inner-container is-layout-constrained wp-block-group-is-layout-constrained\">\n<p class=\"media-info\">YLE.FI, 16.5.2023&nbsp;<\/p>\n\n\n\n<p><a href=\"https:\/\/yle.fi\/a\/74-20031202\" target=\"_blank\" rel=\"noreferrer noopener\">Unelmien kentt\u00e4 &#8211; Sophia Ehrnrooth tekee jalkapallosta taidetta ymp\u00e4ri maailmaa.<\/a><\/p>\n<\/div><\/div>\n\n\n\n<div class=\"wp-block-group media-item\"><div class=\"wp-block-group__inner-container is-layout-constrained wp-block-group-is-layout-constrained\">\n<p class=\"media-info\">EFE.COM, 3.5.2023&nbsp;<\/p>\n\n\n\n<p><a href=\"https:\/\/efe.com\/deportes\/2023-05-03\/patear-el-arco-por-nuevos-suenos-moviliza-moviliza-a-jovenes-en-uruguay\/\" target=\"_blank\" rel=\"noreferrer noopener\">Patear al arco por nuevos sue\u00f1os: la idea que \u00abmoviliza\u00bb a j\u00f3venes en Uruguay<\/a><\/p>\n<\/div><\/div>\n\n\n\n<div class=\"wp-block-group media-item\"><div class=\"wp-block-group__inner-container is-layout-constrained wp-block-group-is-layout-constrained\">\n<p class=\"media-info\">GUB.UY, 28.4.2023&nbsp;<\/p>\n\n\n\n<p><a href=\"https:\/\/www.gub.uy\/ministerio-educacion-cultura\/comunicacion\/noticias\/instalacion-campo-suenos\" target=\"_blank\" rel=\"noreferrer noopener\">Instalaci\u00f3n \u201cCampo de sue\u00f1os\u201d<\/a><\/p>\n<\/div><\/div>\n\n\n\n<div class=\"wp-block-group media-item\"><div class=\"wp-block-group__inner-container is-layout-constrained wp-block-group-is-layout-constrained\">\n<p class=\"media-info\">COOLTIVARTE.COM, 18.4.2023&nbsp;<\/p>\n\n\n\n<p><a href=\"https:\/\/cooltivarte.com\/portal\/campo-de-suenos-en-el-estadio-centenario\/\" target=\"_blank\" rel=\"noreferrer noopener\">Campo de sue\u00f1os en el Estadio Centenario<\/a><\/p>\n<\/div><\/div>\n\n\n\n<div class=\"wp-block-group media-item\"><div class=\"wp-block-group__inner-container is-layout-constrained wp-block-group-is-layout-constrained\">\n<p class=\"media-info\">CINEMATECA.ORG, 16.4.2023&nbsp;<\/p>\n\n\n\n<p><a href=\"https:\/\/cinemateca.org.uy\/ciclos\/300\" target=\"_blank\" rel=\"noreferrer noopener\">Sophia Ehrnrooth: f\u00fatbol, performance y cine<\/a><\/p>\n<\/div><\/div>\n\n\n\n<div class=\"wp-block-group media-item\"><div class=\"wp-block-group__inner-container is-layout-constrained wp-block-group-is-layout-constrained\">\n<p class=\"media-info\">STTINFO.FI, 12.4.2023&nbsp;<\/p>\n\n\n\n<p><a href=\"https:\/\/www.sttinfo.fi\/tiedote\/69973114\/unelmien-kentta-avautuu-uruguayssa-taiteilija-sophia-ehrnroothin-teos-nahdaan-montevideossa?publisherId=69820011\" target=\"_blank\" rel=\"noreferrer noopener\">Unelmien kentt\u00e4 avautuu Uruguayssa \u2013 taiteilija Sophia Ehrnroothin teos n\u00e4hd\u00e4\u00e4n Montevideossa<\/a><\/p>\n<\/div><\/div>\n<\/div>\n<\/div>\n","protected":false},"excerpt":{"rendered":"Media CLARIN.COM, 25.11.2025 Una finlandesa en Buenos Aires: Sophia Ehrnrooth estrena el documental \u201cSer alguien en la vida\u201d en el FIDBA 2025 MADRID.FI, 27.10.2023&nbsp; Persiguiendo un sue\u00f1o: arte, f\u00fatbol y compromiso YLE.FI, 16.5.2023&nbsp; Unelmien kentt\u00e4 &#8211; Sophia Ehrnrooth tekee jalkapallosta taidetta ymp\u00e4ri maailmaa. EFE.COM, 3.5.2023&nbsp; Patear al arco por nuevos sue\u00f1os: la idea que \u00abmoviliza\u00bb&#8230; <a class=\"view-article\" href=\"https:\/\/sophiaehrnrooth.com\/art\/media\/\">View Article<\/a>","protected":false},"author":1,"featured_media":0,"parent":0,"menu_order":0,"comment_status":"closed","ping_status":"closed","template":"","meta":{"inline_featured_image":false,"footnotes":""},"class_list":["post-840","page","type-page","status-publish","hentry"],"yoast_head":"<!-- This site is optimized with the Yoast SEO plugin v24.6 - https:\/\/yoast.com\/wordpress\/plugins\/seo\/ -->\n<title>Media en - Art<\/title>\n<meta name=\"robots\" content=\"index, follow, max-snippet:-1, max-image-preview:large, max-video-preview:-1\" \/>\n<link rel=\"canonical\" href=\"https:\/\/sophiaehrnrooth.com\/art\/media\/\" \/>\n<meta property=\"og:locale\" content=\"fi_FI\" \/>\n<meta property=\"og:type\" content=\"article\" \/>\n<meta property=\"og:title\" content=\"Media en - Art\" \/>\n<meta property=\"og:description\" content=\"Media CLARIN.COM, 25.11.2025 Una finlandesa en Buenos Aires: Sophia Ehrnrooth estrena el documental \u201cSer alguien en la vida\u201d en el FIDBA 2025 MADRID.FI, 27.10.2023&nbsp; Persiguiendo un sue\u00f1o: arte, f\u00fatbol y compromiso YLE.FI, 16.5.2023&nbsp; Unelmien kentt\u00e4 &#8211; Sophia Ehrnrooth tekee jalkapallosta taidetta ymp\u00e4ri maailmaa. EFE.COM, 3.5.2023&nbsp; Patear al arco por nuevos sue\u00f1os: la idea que \u00abmoviliza\u00bb... View Article\" \/>\n<meta property=\"og:url\" content=\"https:\/\/sophiaehrnrooth.com\/art\/media\/\" \/>\n<meta property=\"og:site_name\" content=\"Art\" \/>\n<meta property=\"article:modified_time\" content=\"2025-12-08T10:44:59+00:00\" \/>\n<meta property=\"og:image\" content=\"https:\/\/sophiaehrnrooth.com\/art\/wp-content\/uploads\/sites\/2\/2023\/02\/sophia-jakokuva.png\" \/>\n\t<meta property=\"og:image:width\" content=\"1920\" \/>\n\t<meta property=\"og:image:height\" content=\"1080\" \/>\n\t<meta property=\"og:image:type\" content=\"image\/png\" \/>\n<meta name=\"twitter:card\" content=\"summary_large_image\" \/>\n<meta name=\"twitter:label1\" content=\"Arvioitu lukuaika\" \/>\n\t<meta name=\"twitter:data1\" content=\"1 minuutti\" \/>\n<script type=\"application\/ld+json\" class=\"yoast-schema-graph\">{\"@context\":\"https:\/\/schema.org\",\"@graph\":[{\"@type\":\"WebPage\",\"@id\":\"https:\/\/sophiaehrnrooth.com\/art\/media\/\",\"url\":\"https:\/\/sophiaehrnrooth.com\/art\/media\/\",\"name\":\"Media en - Art\",\"isPartOf\":{\"@id\":\"https:\/\/sophiaehrnrooth.com\/art\/#website\"},\"datePublished\":\"2025-03-04T12:22:56+00:00\",\"dateModified\":\"2025-12-08T10:44:59+00:00\",\"breadcrumb\":{\"@id\":\"https:\/\/sophiaehrnrooth.com\/art\/media\/#breadcrumb\"},\"inLanguage\":\"fi\",\"potentialAction\":[{\"@type\":\"ReadAction\",\"target\":[\"https:\/\/sophiaehrnrooth.com\/art\/media\/\"]}]},{\"@type\":\"BreadcrumbList\",\"@id\":\"https:\/\/sophiaehrnrooth.com\/art\/media\/#breadcrumb\",\"itemListElement\":[{\"@type\":\"ListItem\",\"position\":1,\"name\":\"Etusivu\",\"item\":\"https:\/\/sophiaehrnrooth.com\/art\/\"},{\"@type\":\"ListItem\",\"position\":2,\"name\":\"Media en\"}]},{\"@type\":\"WebSite\",\"@id\":\"https:\/\/sophiaehrnrooth.com\/art\/#website\",\"url\":\"https:\/\/sophiaehrnrooth.com\/art\/\",\"name\":\"Sophia Ehrnrooth\",\"description\":\"\",\"potentialAction\":[{\"@type\":\"SearchAction\",\"target\":{\"@type\":\"EntryPoint\",\"urlTemplate\":\"https:\/\/sophiaehrnrooth.com\/art\/?s={search_term_string}\"},\"query-input\":{\"@type\":\"PropertyValueSpecification\",\"valueRequired\":true,\"valueName\":\"search_term_string\"}}],\"inLanguage\":\"fi\"}]}<\/script>\n<!-- \/ Yoast SEO plugin. -->","yoast_head_json":{"title":"Media en - Art","robots":{"index":"index","follow":"follow","max-snippet":"max-snippet:-1","max-image-preview":"max-image-preview:large","max-video-preview":"max-video-preview:-1"},"canonical":"https:\/\/sophiaehrnrooth.com\/art\/media\/","og_locale":"fi_FI","og_type":"article","og_title":"Media en - Art","og_description":"Media CLARIN.COM, 25.11.2025 Una finlandesa en Buenos Aires: Sophia Ehrnrooth estrena el documental \u201cSer alguien en la vida\u201d en el FIDBA 2025 MADRID.FI, 27.10.2023&nbsp; Persiguiendo un sue\u00f1o: arte, f\u00fatbol y compromiso YLE.FI, 16.5.2023&nbsp; Unelmien kentt\u00e4 &#8211; Sophia Ehrnrooth tekee jalkapallosta taidetta ymp\u00e4ri maailmaa. EFE.COM, 3.5.2023&nbsp; Patear al arco por nuevos sue\u00f1os: la idea que \u00abmoviliza\u00bb... View Article","og_url":"https:\/\/sophiaehrnrooth.com\/art\/media\/","og_site_name":"Art","article_modified_time":"2025-12-08T10:44:59+00:00","og_image":[{"width":1920,"height":1080,"url":"https:\/\/sophiaehrnrooth.com\/art\/wp-content\/uploads\/sites\/2\/2023\/02\/sophia-jakokuva.png","type":"image\/png"}],"twitter_card":"summary_large_image","twitter_misc":{"Arvioitu lukuaika":"1 minuutti"},"schema":{"@context":"https:\/\/schema.org","@graph":[{"@type":"WebPage","@id":"https:\/\/sophiaehrnrooth.com\/art\/media\/","url":"https:\/\/sophiaehrnrooth.com\/art\/media\/","name":"Media en - Art","isPartOf":{"@id":"https:\/\/sophiaehrnrooth.com\/art\/#website"},"datePublished":"2025-03-04T12:22:56+00:00","dateModified":"2025-12-08T10:44:59+00:00","breadcrumb":{"@id":"https:\/\/sophiaehrnrooth.com\/art\/media\/#breadcrumb"},"inLanguage":"fi","potentialAction":[{"@type":"ReadAction","target":["https:\/\/sophiaehrnrooth.com\/art\/media\/"]}]},{"@type":"BreadcrumbList","@id":"https:\/\/sophiaehrnrooth.com\/art\/media\/#breadcrumb","itemListElement":[{"@type":"ListItem","position":1,"name":"Etusivu","item":"https:\/\/sophiaehrnrooth.com\/art\/"},{"@type":"ListItem","position":2,"name":"Media en"}]},{"@type":"WebSite","@id":"https:\/\/sophiaehrnrooth.com\/art\/#website","url":"https:\/\/sophiaehrnrooth.com\/art\/","name":"Sophia Ehrnrooth","description":"","potentialAction":[{"@type":"SearchAction","target":{"@type":"EntryPoint","urlTemplate":"https:\/\/sophiaehrnrooth.com\/art\/?s={search_term_string}"},"query-input":{"@type":"PropertyValueSpecification","valueRequired":true,"valueName":"search_term_string"}}],"inLanguage":"fi"}]}},"_links":{"self":[{"href":"https:\/\/sophiaehrnrooth.com\/art\/wp-json\/wp\/v2\/pages\/840","targetHints":{"allow":["GET"]}}],"collection":[{"href":"https:\/\/sophiaehrnrooth.com\/art\/wp-json\/wp\/v2\/pages"}],"about":[{"href":"https:\/\/sophiaehrnrooth.com\/art\/wp-json\/wp\/v2\/types\/page"}],"author":[{"embeddable":true,"href":"https:\/\/sophiaehrnrooth.com\/art\/wp-json\/wp\/v2\/users\/1"}],"replies":[{"embeddable":true,"href":"https:\/\/sophiaehrnrooth.com\/art\/wp-json\/wp\/v2\/comments?post=840"}],"version-history":[{"count":16,"href":"https:\/\/sophiaehrnrooth.com\/art\/wp-json\/wp\/v2\/pages\/840\/revisions"}],"predecessor-version":[{"id":954,"href":"https:\/\/sophiaehrnrooth.com\/art\/wp-json\/wp\/v2\/pages\/840\/revisions\/954"}],"wp:attachment":[{"href":"https:\/\/sophiaehrnrooth.com\/art\/wp-json\/wp\/v2\/media?parent=840"}],"curies":[{"name":"wp","href":"https:\/\/api.w.org\/{rel}","templated":true}]}}