{"id":652,"date":"2025-03-05T09:23:32","date_gmt":"2025-03-05T07:23:32","guid":{"rendered":"https:\/\/sophiaehrnrooth.com\/playartproductions\/?page_id=652"},"modified":"2025-03-05T09:23:32","modified_gmt":"2025-03-05T07:23:32","slug":"media-fi","status":"publish","type":"page","link":"https:\/\/sophiaehrnrooth.com\/playartproductions\/fi\/media-fi\/","title":{"rendered":"Media fi"},"content":{"rendered":"\n<div class=\"wp-block-columns is-layout-flex wp-container-core-columns-is-layout-1 wp-block-columns-is-layout-flex\">\n<div class=\"wp-block-column is-layout-flow wp-block-column-is-layout-flow\" style=\"flex-basis:33.3%\">\n<h1 class=\"wp-block-heading\">Media<\/h1>\n<\/div>\n\n\n\n<div class=\"wp-block-column is-layout-flow wp-block-column-is-layout-flow\" style=\"flex-basis:66.6%\">\n<div class=\"wp-block-group media-item\"><div class=\"wp-block-group__inner-container is-layout-constrained wp-block-group-is-layout-constrained\">\n<p class=\"media-info\">SOLARFILMS.COM, 7.2.2024\u00a0<\/p>\n\n\n\n<p><a href=\"https:\/\/solarfilms.com\/2022-2\/lakota-kansan-naisista-ja-heidan-ymparistotaistelustaan-kertova-dokumentti-katsottavissa-nyt\/\" target=\"_blank\" rel=\"noreferrer noopener\">Lakota-kansan naisista ja heid\u00e4n ymp\u00e4rist\u00f6taistelustaan kertova dokumentti katsottavissa nyt<\/a><\/p>\n<\/div><\/div>\n\n\n\n<div class=\"wp-block-group media-item\"><div class=\"wp-block-group__inner-container is-layout-constrained wp-block-group-is-layout-constrained\">\n<p class=\"media-info\">TALKINGSHORTS.COM, 7.2.2024\u00a0<\/p>\n\n\n\n<p><a href=\"https:\/\/talkingshorts.com\/spheres-of-consciousness\/\" target=\"_blank\" rel=\"noreferrer noopener\">Spheres Of\u00a0Consciousness <em>Square the Circle<\/em><\/a><\/p>\n<\/div><\/div>\n\n\n\n<div class=\"wp-block-group media-item\"><div class=\"wp-block-group__inner-container is-layout-constrained wp-block-group-is-layout-constrained\">\n<p class=\"media-info\">YLE.FI, 1.8.2022\u00a0<\/p>\n\n\n\n<p><a href=\"https:\/\/yle.fi\/a\/3-12558936\" target=\"_blank\" rel=\"noreferrer noopener\">Suomalaistuottajia mukana dokumenttielokuvassa, joka nappasi Emmy-ehdokkuuden \u2013 Solar Films: \u201cT\u00e4m\u00e4 on tv-maailman Oscar-ehdokkuus\u201d<\/a><\/p>\n<\/div><\/div>\n\n\n\n<div class=\"wp-block-group media-item\"><div class=\"wp-block-group__inner-container is-layout-constrained wp-block-group-is-layout-constrained\">\n<p class=\"media-info\">AMUSA.FI, 1.8.2022\u00a0<\/p>\n\n\n\n<p><a href=\"https:\/\/www.amusa.fi\/emmy-ehdokkuus-dokumentille-lakota-heimosta-end-line-women-standing-rock#google_vignette\" target=\"_blank\" rel=\"noreferrer noopener\">Emmy-ehdokkuus dokumentille Lakota-heimosta End of the Line \u2013 The Women of Standing Rock<\/a><\/p>\n<\/div><\/div>\n<\/div>\n<\/div>\n","protected":false},"excerpt":{"rendered":"Media SOLARFILMS.COM, 7.2.2024\u00a0 Lakota-kansan naisista ja heid\u00e4n ymp\u00e4rist\u00f6taistelustaan kertova dokumentti katsottavissa nyt TALKINGSHORTS.COM, 7.2.2024\u00a0 Spheres Of\u00a0Consciousness Square the Circle YLE.FI, 1.8.2022\u00a0 Suomalaistuottajia mukana dokumenttielokuvassa, joka nappasi Emmy-ehdokkuuden \u2013 Solar Films: \u201cT\u00e4m\u00e4 on tv-maailman Oscar-ehdokkuus\u201d AMUSA.FI, 1.8.2022\u00a0 Emmy-ehdokkuus dokumentille Lakota-heimosta End of the Line \u2013 The Women of Standing Rock","protected":false},"author":1,"featured_media":0,"parent":0,"menu_order":0,"comment_status":"closed","ping_status":"closed","template":"","meta":{"inline_featured_image":false,"footnotes":""},"class_list":["post-652","page","type-page","status-publish","hentry"],"yoast_head":"<!-- This site is optimized with the Yoast SEO plugin v24.6 - https:\/\/yoast.com\/wordpress\/plugins\/seo\/ -->\n<title>Media fi - Playart Productions<\/title>\n<meta name=\"robots\" content=\"index, follow, max-snippet:-1, max-image-preview:large, max-video-preview:-1\" \/>\n<link rel=\"canonical\" href=\"https:\/\/sophiaehrnrooth.com\/playartproductions\/fi\/media-fi\/\" \/>\n<meta property=\"og:locale\" content=\"fi_FI\" \/>\n<meta property=\"og:type\" content=\"article\" \/>\n<meta property=\"og:title\" content=\"Media fi - Playart Productions\" \/>\n<meta property=\"og:description\" content=\"Media SOLARFILMS.COM, 7.2.2024\u00a0 Lakota-kansan naisista ja heid\u00e4n ymp\u00e4rist\u00f6taistelustaan kertova dokumentti katsottavissa nyt TALKINGSHORTS.COM, 7.2.2024\u00a0 Spheres Of\u00a0Consciousness Square the Circle YLE.FI, 1.8.2022\u00a0 Suomalaistuottajia mukana dokumenttielokuvassa, joka nappasi Emmy-ehdokkuuden \u2013 Solar Films: \u201cT\u00e4m\u00e4 on tv-maailman Oscar-ehdokkuus\u201d AMUSA.FI, 1.8.2022\u00a0 Emmy-ehdokkuus dokumentille Lakota-heimosta End of the Line \u2013 The Women of Standing Rock\" \/>\n<meta property=\"og:url\" content=\"https:\/\/sophiaehrnrooth.com\/playartproductions\/fi\/media-fi\/\" \/>\n<meta property=\"og:site_name\" content=\"Playart Productions\" \/>\n<meta property=\"og:image\" content=\"https:\/\/sophiaehrnrooth.com\/playartproductions\/wp-content\/uploads\/sites\/3\/2023\/02\/playart-jakokuva.png\" \/>\n\t<meta property=\"og:image:width\" content=\"1920\" \/>\n\t<meta property=\"og:image:height\" content=\"1080\" \/>\n\t<meta property=\"og:image:type\" content=\"image\/png\" \/>\n<meta name=\"twitter:card\" content=\"summary_large_image\" \/>\n<meta name=\"twitter:label1\" content=\"Arvioitu lukuaika\" \/>\n\t<meta name=\"twitter:data1\" content=\"1 minuutti\" \/>\n<script type=\"application\/ld+json\" class=\"yoast-schema-graph\">{\"@context\":\"https:\/\/schema.org\",\"@graph\":[{\"@type\":\"WebPage\",\"@id\":\"https:\/\/sophiaehrnrooth.com\/playartproductions\/fi\/media-fi\/\",\"url\":\"https:\/\/sophiaehrnrooth.com\/playartproductions\/fi\/media-fi\/\",\"name\":\"Media fi - Playart Productions\",\"isPartOf\":{\"@id\":\"https:\/\/sophiaehrnrooth.com\/playartproductions\/#website\"},\"datePublished\":\"2025-03-05T07:23:32+00:00\",\"breadcrumb\":{\"@id\":\"https:\/\/sophiaehrnrooth.com\/playartproductions\/fi\/media-fi\/#breadcrumb\"},\"inLanguage\":\"fi\",\"potentialAction\":[{\"@type\":\"ReadAction\",\"target\":[\"https:\/\/sophiaehrnrooth.com\/playartproductions\/fi\/media-fi\/\"]}]},{\"@type\":\"BreadcrumbList\",\"@id\":\"https:\/\/sophiaehrnrooth.com\/playartproductions\/fi\/media-fi\/#breadcrumb\",\"itemListElement\":[{\"@type\":\"ListItem\",\"position\":1,\"name\":\"Etusivu\",\"item\":\"https:\/\/sophiaehrnrooth.com\/playartproductions\/\"},{\"@type\":\"ListItem\",\"position\":2,\"name\":\"Media fi\"}]},{\"@type\":\"WebSite\",\"@id\":\"https:\/\/sophiaehrnrooth.com\/playartproductions\/#website\",\"url\":\"https:\/\/sophiaehrnrooth.com\/playartproductions\/\",\"name\":\"Playart Productions\",\"description\":\"\",\"potentialAction\":[{\"@type\":\"SearchAction\",\"target\":{\"@type\":\"EntryPoint\",\"urlTemplate\":\"https:\/\/sophiaehrnrooth.com\/playartproductions\/?s={search_term_string}\"},\"query-input\":{\"@type\":\"PropertyValueSpecification\",\"valueRequired\":true,\"valueName\":\"search_term_string\"}}],\"inLanguage\":\"fi\"}]}<\/script>\n<!-- \/ Yoast SEO plugin. -->","yoast_head_json":{"title":"Media fi - Playart Productions","robots":{"index":"index","follow":"follow","max-snippet":"max-snippet:-1","max-image-preview":"max-image-preview:large","max-video-preview":"max-video-preview:-1"},"canonical":"https:\/\/sophiaehrnrooth.com\/playartproductions\/fi\/media-fi\/","og_locale":"fi_FI","og_type":"article","og_title":"Media fi - Playart Productions","og_description":"Media SOLARFILMS.COM, 7.2.2024\u00a0 Lakota-kansan naisista ja heid\u00e4n ymp\u00e4rist\u00f6taistelustaan kertova dokumentti katsottavissa nyt TALKINGSHORTS.COM, 7.2.2024\u00a0 Spheres Of\u00a0Consciousness Square the Circle YLE.FI, 1.8.2022\u00a0 Suomalaistuottajia mukana dokumenttielokuvassa, joka nappasi Emmy-ehdokkuuden \u2013 Solar Films: \u201cT\u00e4m\u00e4 on tv-maailman Oscar-ehdokkuus\u201d AMUSA.FI, 1.8.2022\u00a0 Emmy-ehdokkuus dokumentille Lakota-heimosta End of the Line \u2013 The Women of Standing Rock","og_url":"https:\/\/sophiaehrnrooth.com\/playartproductions\/fi\/media-fi\/","og_site_name":"Playart Productions","og_image":[{"width":1920,"height":1080,"url":"https:\/\/sophiaehrnrooth.com\/playartproductions\/wp-content\/uploads\/sites\/3\/2023\/02\/playart-jakokuva.png","type":"image\/png"}],"twitter_card":"summary_large_image","twitter_misc":{"Arvioitu lukuaika":"1 minuutti"},"schema":{"@context":"https:\/\/schema.org","@graph":[{"@type":"WebPage","@id":"https:\/\/sophiaehrnrooth.com\/playartproductions\/fi\/media-fi\/","url":"https:\/\/sophiaehrnrooth.com\/playartproductions\/fi\/media-fi\/","name":"Media fi - Playart Productions","isPartOf":{"@id":"https:\/\/sophiaehrnrooth.com\/playartproductions\/#website"},"datePublished":"2025-03-05T07:23:32+00:00","breadcrumb":{"@id":"https:\/\/sophiaehrnrooth.com\/playartproductions\/fi\/media-fi\/#breadcrumb"},"inLanguage":"fi","potentialAction":[{"@type":"ReadAction","target":["https:\/\/sophiaehrnrooth.com\/playartproductions\/fi\/media-fi\/"]}]},{"@type":"BreadcrumbList","@id":"https:\/\/sophiaehrnrooth.com\/playartproductions\/fi\/media-fi\/#breadcrumb","itemListElement":[{"@type":"ListItem","position":1,"name":"Etusivu","item":"https:\/\/sophiaehrnrooth.com\/playartproductions\/"},{"@type":"ListItem","position":2,"name":"Media fi"}]},{"@type":"WebSite","@id":"https:\/\/sophiaehrnrooth.com\/playartproductions\/#website","url":"https:\/\/sophiaehrnrooth.com\/playartproductions\/","name":"Playart Productions","description":"","potentialAction":[{"@type":"SearchAction","target":{"@type":"EntryPoint","urlTemplate":"https:\/\/sophiaehrnrooth.com\/playartproductions\/?s={search_term_string}"},"query-input":{"@type":"PropertyValueSpecification","valueRequired":true,"valueName":"search_term_string"}}],"inLanguage":"fi"}]}},"_links":{"self":[{"href":"https:\/\/sophiaehrnrooth.com\/playartproductions\/wp-json\/wp\/v2\/pages\/652","targetHints":{"allow":["GET"]}}],"collection":[{"href":"https:\/\/sophiaehrnrooth.com\/playartproductions\/wp-json\/wp\/v2\/pages"}],"about":[{"href":"https:\/\/sophiaehrnrooth.com\/playartproductions\/wp-json\/wp\/v2\/types\/page"}],"author":[{"embeddable":true,"href":"https:\/\/sophiaehrnrooth.com\/playartproductions\/wp-json\/wp\/v2\/users\/1"}],"replies":[{"embeddable":true,"href":"https:\/\/sophiaehrnrooth.com\/playartproductions\/wp-json\/wp\/v2\/comments?post=652"}],"version-history":[{"count":1,"href":"https:\/\/sophiaehrnrooth.com\/playartproductions\/wp-json\/wp\/v2\/pages\/652\/revisions"}],"predecessor-version":[{"id":653,"href":"https:\/\/sophiaehrnrooth.com\/playartproductions\/wp-json\/wp\/v2\/pages\/652\/revisions\/653"}],"wp:attachment":[{"href":"https:\/\/sophiaehrnrooth.com\/playartproductions\/wp-json\/wp\/v2\/media?parent=652"}],"curies":[{"name":"wp","href":"https:\/\/api.w.org\/{rel}","templated":true}]}}